{"id":1461,"date":"2022-04-23T04:29:58","date_gmt":"2022-04-23T04:29:58","guid":{"rendered":"https:\/\/veres.la-studioweb.com\/?page_id=1461"},"modified":"2023-12-04T14:25:05","modified_gmt":"2023-12-04T14:25:05","slug":"rreth-nesh","status":"publish","type":"page","link":"https:\/\/nanostix.al\/en\/rreth-nesh\/","title":{"rendered":"About us"},"content":{"rendered":"<div data-elementor-type=\"wp-page\" data-elementor-id=\"1461\" class=\"elementor elementor-1461\">\n\t\t\t\t\t\t\t<div class=\"elementor-element elementor-element-66772f7 e-con-boxed lakit-col-width-auto-no e-container e-root-container elementor-top-section e-con\" data-id=\"66772f7\" data-element_type=\"container\" data-settings=\"{&quot;background_background&quot;:&quot;classic&quot;,&quot;content_width&quot;:&quot;boxed&quot;}\">\n\t\t\t\t\t<div class=\"e-con-inner\">\n\t\t<div class=\"elementor-element elementor-element-05e966e e-con-full lakit-col-width-auto-no e-container e-con\" data-id=\"05e966e\" data-element_type=\"container\" data-settings=\"{&quot;content_width&quot;:&quot;full&quot;}\">\n\t\t\t\t<div class=\"elementor-element elementor-element-7357dd0 elementor-widget elementor-widget-heading\" data-id=\"7357dd0\" data-element_type=\"widget\" data-widget_type=\"heading.default\">\n\t\t\t\t<div class=\"elementor-widget-container\">\n\t\t\t<style>\/*! elementor - v3.8.0 - 30-10-2022 *\/\n.elementor-heading-title{padding:0;margin:0;line-height:1}.elementor-widget-heading .elementor-heading-title[class*=elementor-size-]>a{color:inherit;font-size:inherit;line-height:inherit}.elementor-widget-heading .elementor-heading-title.elementor-size-small{font-size:15px}.elementor-widget-heading .elementor-heading-title.elementor-size-medium{font-size:19px}.elementor-widget-heading .elementor-heading-title.elementor-size-large{font-size:29px}.elementor-widget-heading .elementor-heading-title.elementor-size-xl{font-size:39px}.elementor-widget-heading .elementor-heading-title.elementor-size-xxl{font-size:59px}<\/style><h2 class=\"elementor-heading-title elementor-size-default\">About nanoSTIX Albania<\/h2>\t\t<\/div>\n\t\t\t\t<\/div>\n\t\t\t\t<div class=\"elementor-element elementor-element-d46885e elementor-widget__width-initial elementor-widget-tablet__width-inherit elementor-invisible lakit-has-entrance-animation elementor-widget elementor-widget-text-editor\" data-id=\"d46885e\" data-element_type=\"widget\" data-settings=\"{&quot;_animation&quot;:&quot;lakitShortFadeInUp&quot;,&quot;_animation_delay&quot;:500}\" data-widget_type=\"text-editor.default\">\n\t\t\t\t<div class=\"elementor-widget-container\">\n\t\t\t<style>\/*! elementor - v3.8.0 - 30-10-2022 *\/\n.elementor-widget-text-editor.elementor-drop-cap-view-stacked .elementor-drop-cap{background-color:#818a91;color:#fff}.elementor-widget-text-editor.elementor-drop-cap-view-framed .elementor-drop-cap{color:#818a91;border:3px solid;background-color:transparent}.elementor-widget-text-editor:not(.elementor-drop-cap-view-default) .elementor-drop-cap{margin-top:8px}.elementor-widget-text-editor:not(.elementor-drop-cap-view-default) .elementor-drop-cap-letter{width:1em;height:1em}.elementor-widget-text-editor .elementor-drop-cap{float:left;text-align:center;line-height:1;font-size:50px}.elementor-widget-text-editor .elementor-drop-cap-letter{display:inline-block}<\/style>\t\t\t\t<p>NanoSTIX Albania is a licensed distributor of nanoSTIX, which is Malaysia\u2019s pioneer manufacturer of electronic cigarette technology. Founded in January 2017 and headquartered in Malaysia, the company has grown its business by selling over 800,000 units over the past 2 years.<\/p><p><b>The main goal of NanoSTIX is to create a world without cigarettes by helping smokers quit smoking. In terms of design, the NanoSTIX device is elegant and portable, making it easy to carry along. NanoPOD produces less vapor compared to other electronic cigarettes.<\/b><\/p><p><b>A subsidiary of NanoSTIX Venture called Fantasy Lab is assisting billions of smokers<\/b><b> in using the first and fastest tobacco replacement therapy (TRT) solution that can help smokers quit in less than a month. <\/b><b>Our products are not intended for use by minors or non-smokers.<\/b><\/p>\t\t\t\t\t\t<\/div>\n\t\t\t\t<\/div>\n\t\t\t\t<\/div>\n\t\t<div class=\"elementor-element elementor-element-b16aa7a e-con-full lakit-col-width-auto-no e-container e-con\" data-id=\"b16aa7a\" data-element_type=\"container\" data-settings=\"{&quot;content_width&quot;:&quot;full&quot;}\">\n\t\t\t\t<div class=\"elementor-element elementor-element-e923c70 elementor-invisible lakit-has-entrance-animation elementor-widget elementor-widget-image\" data-id=\"e923c70\" data-element_type=\"widget\" data-settings=\"{&quot;_animation&quot;:&quot;lakitShortFadeInUp&quot;,&quot;_animation_delay&quot;:300}\" data-widget_type=\"image.default\">\n\t\t\t\t<div class=\"elementor-widget-container\">\n\t\t\t<style>\/*! elementor - v3.8.0 - 30-10-2022 *\/\n.elementor-widget-image{text-align:center}.elementor-widget-image a{display:inline-block}.elementor-widget-image a img[src$=\".svg\"]{width:48px}.elementor-widget-image img{vertical-align:middle;display:inline-block}<\/style>\t\t\t\t\t\t\t\t\t\t\t\t<img loading=\"lazy\" decoding=\"async\" width=\"2560\" height=\"1920\" src=\"https:\/\/nanostix.al\/wp-content\/uploads\/2022\/10\/about-nanopod-scaled.jpg\" class=\"attachment-full size-full\" alt=\"\" srcset=\"https:\/\/nanostix.al\/wp-content\/uploads\/2022\/10\/about-nanopod-scaled.jpg 2560w, https:\/\/nanostix.al\/wp-content\/uploads\/2022\/10\/about-nanopod-1536x1152.jpg 1536w, https:\/\/nanostix.al\/wp-content\/uploads\/2022\/10\/about-nanopod-2048x1536.jpg 2048w\" sizes=\"auto, (max-width: 2560px) 100vw, 2560px\" \/>\t\t\t\t\t\t\t\t\t\t\t\t\t\t\t<\/div>\n\t\t\t\t<\/div>\n\t\t\t\t<\/div>\n\t\t\t\t\t<\/div>\n\t\t\t\t<\/div>\n\t\t<div class=\"elementor-element elementor-element-25ad93a e-con-boxed lakit-col-width-auto-no e-container e-root-container elementor-top-section e-con\" data-id=\"25ad93a\" data-element_type=\"container\" data-settings=\"{&quot;background_background&quot;:&quot;classic&quot;,&quot;content_width&quot;:&quot;boxed&quot;}\">\n\t\t\t\t\t<div class=\"e-con-inner\">\n\t\t<div class=\"elementor-element elementor-element-e1b2077 e-con-full lakit-col-width-auto-no e-container e-con\" data-id=\"e1b2077\" data-element_type=\"container\" data-settings=\"{&quot;content_width&quot;:&quot;full&quot;}\">\n\t\t\t\t<div class=\"elementor-element elementor-element-844d45f elementor-widget__width-initial elementor-invisible lakit-has-entrance-animation elementor-widget elementor-widget-image\" data-id=\"844d45f\" data-element_type=\"widget\" data-settings=\"{&quot;_animation&quot;:&quot;lakitShortFadeInUp&quot;,&quot;_animation_delay&quot;:300}\" data-widget_type=\"image.default\">\n\t\t\t\t<div class=\"elementor-widget-container\">\n\t\t\t\t\t\t\t\t\t\t\t\t\t\t\t<img loading=\"lazy\" decoding=\"async\" width=\"2953\" height=\"2953\" src=\"https:\/\/nanostix.al\/wp-content\/uploads\/2022\/10\/htSulbto.png\" class=\"attachment-full size-full\" alt=\"\" srcset=\"https:\/\/nanostix.al\/wp-content\/uploads\/2022\/10\/htSulbto.png 2953w, https:\/\/nanostix.al\/wp-content\/uploads\/2022\/10\/htSulbto-1536x1536.png 1536w, https:\/\/nanostix.al\/wp-content\/uploads\/2022\/10\/htSulbto-2048x2048.png 2048w, https:\/\/nanostix.al\/wp-content\/uploads\/2022\/10\/htSulbto-300x300.png 300w, https:\/\/nanostix.al\/wp-content\/uploads\/2022\/10\/htSulbto-600x600.png 600w\" sizes=\"auto, (max-width: 2953px) 100vw, 2953px\" \/>\t\t\t\t\t\t\t\t\t\t\t\t\t\t\t<\/div>\n\t\t\t\t<\/div>\n\t\t\t\t<div class=\"elementor-element elementor-element-c72ccd4 elementor-absolute elementor-widget__width-initial elementor-invisible lakit-has-entrance-animation elementor-widget elementor-widget-image\" data-id=\"c72ccd4\" data-element_type=\"widget\" data-settings=\"{&quot;_position&quot;:&quot;absolute&quot;,&quot;_animation&quot;:&quot;lakitShortFadeInUp&quot;,&quot;_animation_delay&quot;:500}\" data-widget_type=\"image.default\">\n\t\t\t\t<div class=\"elementor-widget-container\">\n\t\t\t\t\t\t\t\t\t\t\t\t\t\t\t<img loading=\"lazy\" decoding=\"async\" width=\"500\" height=\"500\" src=\"https:\/\/nanostix.al\/wp-content\/uploads\/2022\/11\/ezgif.com-gif-maker__32_-removebg-preview.png\" class=\"attachment-full size-full\" alt=\"\" srcset=\"https:\/\/nanostix.al\/wp-content\/uploads\/2022\/11\/ezgif.com-gif-maker__32_-removebg-preview.png 500w, https:\/\/nanostix.al\/wp-content\/uploads\/2022\/11\/ezgif.com-gif-maker__32_-removebg-preview-300x300.png 300w\" sizes=\"auto, (max-width: 500px) 100vw, 500px\" \/>\t\t\t\t\t\t\t\t\t\t\t\t\t\t\t<\/div>\n\t\t\t\t<\/div>\n\t\t\t\t<\/div>\n\t\t<div class=\"elementor-element elementor-element-6f634e9 e-con-full lakit-col-width-auto-no e-container e-con\" data-id=\"6f634e9\" data-element_type=\"container\" data-settings=\"{&quot;content_width&quot;:&quot;full&quot;}\">\n\t\t\t\t<div class=\"elementor-element elementor-element-c266d51 elementor-invisible lakit-has-entrance-animation elementor-widget elementor-widget-heading\" data-id=\"c266d51\" data-element_type=\"widget\" data-settings=\"{&quot;_animation&quot;:&quot;lakitShortFadeInUp&quot;,&quot;_animation_delay&quot;:300}\" data-widget_type=\"heading.default\">\n\t\t\t\t<div class=\"elementor-widget-container\">\n\t\t\t<h2 class=\"elementor-heading-title elementor-size-default\">The nanoSTIX Device<\/h2>\t\t<\/div>\n\t\t\t\t<\/div>\n\t\t\t\t<div class=\"elementor-element elementor-element-9cccea6 elementor-widget__width-initial elementor-widget-tablet__width-inherit elementor-invisible lakit-has-entrance-animation elementor-widget elementor-widget-text-editor\" data-id=\"9cccea6\" data-element_type=\"widget\" data-settings=\"{&quot;_animation&quot;:&quot;lakitShortFadeInUp&quot;,&quot;_animation_delay&quot;:500}\" data-widget_type=\"text-editor.default\">\n\t\t\t\t<div class=\"elementor-widget-container\">\n\t\t\t\t\t\t\t<p>The sleek and small nanoSTIX gadget offers a smoother and cleaner smoking experience and has a lightweight steel shell. The complicated flow and assembly of typical e-cigarette packaging have been eliminated, along with the harmful chemicals included in cigarettes.<\/p><p>Our goal with nanoSTIX is to give adult smokers a realistic and affordable alternative to smoking in order to help them improve their lives.<\/p><p><strong>Our products are not intended for use by minors or non-smokers.<\/strong><\/p>\t\t\t\t\t\t<\/div>\n\t\t\t\t<\/div>\n\t\t\t\t<\/div>\n\t\t\t\t\t<\/div>\n\t\t\t\t<\/div>\n\t\t\t\t<section class=\"elementor-section elementor-top-section elementor-element elementor-element-a1737f4 elementor-section-full_width elementor-section-height-default elementor-section-height-default\" data-id=\"a1737f4\" data-element_type=\"section\" id=\"xs_cta_style_22\">\n\t\t\t\t\t\t<div class=\"elementor-container elementor-column-gap-default\">\n\t\t\t\t\t<div class=\"elementor-column elementor-col-100 elementor-top-column elementor-element elementor-element-48c21982 lakit-col-width-auto-no\" data-id=\"48c21982\" data-element_type=\"column\">\n\t\t\t<div class=\"elementor-widget-wrap elementor-element-populated\">\n\t\t\t\t\t\t\t\t<section class=\"elementor-section elementor-inner-section elementor-element elementor-element-2fb69ee4 elementor-section-boxed elementor-section-height-default elementor-section-height-default\" data-id=\"2fb69ee4\" data-element_type=\"section\" data-settings=\"{&quot;background_background&quot;:&quot;classic&quot;}\">\n\t\t\t\t\t\t\t<div class=\"elementor-background-overlay\"><\/div>\n\t\t\t\t\t\t\t<div class=\"elementor-container elementor-column-gap-default\">\n\t\t\t\t\t<div class=\"elementor-column elementor-col-100 elementor-inner-column elementor-element elementor-element-1a996f9b lakit-col-width-auto-no\" data-id=\"1a996f9b\" data-element_type=\"column\">\n\t\t\t<div class=\"elementor-widget-wrap elementor-element-populated\">\n\t\t\t\t\t\t\t\t<div class=\"elementor-element elementor-element-34209ca6 elementor-widget elementor-widget-elementskit-heading\" data-id=\"34209ca6\" data-element_type=\"widget\" data-widget_type=\"elementskit-heading.default\">\n\t\t\t\t<div class=\"elementor-widget-container\">\n\t\t\t<div class=\"ekit-wid-con\" ><div class=\"ekit-heading elementskit-section-title-wraper center   ekit_heading_tablet-   ekit_heading_mobile-\"><h2 class=\"ekit-heading--title elementskit-section-title\">\n\t\t\t\t\tDiscover the variety of nanoSTIX devices\n\t\t\t\t\t<\/h2><\/div><\/div>\t\t<\/div>\n\t\t\t\t<\/div>\n\t\t\t\t<div class=\"elementor-element elementor-element-3e21379f elementor-widget elementor-widget-elementskit-button\" data-id=\"3e21379f\" data-element_type=\"widget\" data-widget_type=\"elementskit-button.default\">\n\t\t\t\t<div class=\"elementor-widget-container\">\n\t\t\t<div class=\"ekit-wid-con\" >\t\t<div class=\"ekit-btn-wraper\">\n\t\t\t\t\t\t\t<a href=\"\/en\/shop\/\" class=\"elementskit-btn  whitespace--normal\" >\n\t\t\t\t\t\n\t\t\t\t\t\n\t\t\t\t\tSHOP ONLINE\t\t\t\t<\/a>\n\t\t\t\t\t\t<\/div>\n        <\/div>\t\t<\/div>\n\t\t\t\t<\/div>\n\t\t\t\t\t<\/div>\n\t\t<\/div>\n\t\t\t\t\t\t\t<\/div>\n\t\t<\/section>\n\t\t\t\t\t<\/div>\n\t\t<\/div>\n\t\t\t\t\t\t\t<\/div>\n\t\t<\/section>\n\t\t\t\t\t\t\t<\/div>","protected":false},"excerpt":{"rendered":"<p>Rreth nanoSTIX Albania NanoSTIX Albania \u00ebsht\u00eb distributor i licensuar i nanoSTIX i cili \u00ebsht\u00eb prodhuesi pionier i Malajzis\u00eb p\u00ebr teknologjin\u00eb e cigareve elektronike. U themelua n\u00eb janar 2017 me seli n\u00eb Malajzi, kompania e ka ngritur biznesin duke shitur mbi 800 mij\u00eb nj\u00ebsi gjat\u00eb 2 viteve t\u00eb fundit. Q\u00ebllimi kryesor i&hellip;<\/p>","protected":false},"author":1,"featured_media":0,"parent":0,"menu_order":0,"comment_status":"closed","ping_status":"closed","template":"","meta":{"footnotes":""},"class_list":["post-1461","page","type-page","status-publish","hentry"],"yoast_head":"<!-- This site is optimized with the Yoast SEO plugin v19.11 - https:\/\/yoast.com\/wordpress\/plugins\/seo\/ -->\n<title>Rreth nesh - NanoSTIX<\/title>\n<meta name=\"description\" content=\"NanoSTIX Albania \u00ebsht\u00eb prodhuesi pionier p\u00ebr teknologjin\u00eb e cigareve elektronike. Misioni yn\u00eb me nanoSTIX \u00ebsht\u00eb t\u00eb ndihmojm\u00eb duhanpir\u00ebsit e rritur t\u00eb p\u00ebrmir\u00ebsojn\u00eb jet\u00ebn e tyre duke u ofruar atyre nje kosto efektive dhe nje alternativ\u00eb te zbatueshme ndaj duhanpirjes.\" \/>\n<meta name=\"robots\" content=\"index, follow, max-snippet:-1, max-image-preview:large, max-video-preview:-1\" \/>\n<link rel=\"canonical\" href=\"https:\/\/nanostix.al\/en\/rreth-nesh\/\" \/>\n<meta property=\"og:locale\" content=\"en_GB\" \/>\n<meta property=\"og:type\" content=\"article\" \/>\n<meta property=\"og:title\" content=\"Rreth nesh - NanoSTIX\" \/>\n<meta property=\"og:description\" content=\"NanoSTIX Albania \u00ebsht\u00eb prodhuesi pionier p\u00ebr teknologjin\u00eb e cigareve elektronike. Misioni yn\u00eb me nanoSTIX \u00ebsht\u00eb t\u00eb ndihmojm\u00eb duhanpir\u00ebsit e rritur t\u00eb p\u00ebrmir\u00ebsojn\u00eb jet\u00ebn e tyre duke u ofruar atyre nje kosto efektive dhe nje alternativ\u00eb te zbatueshme ndaj duhanpirjes.\" \/>\n<meta property=\"og:url\" content=\"https:\/\/nanostix.al\/en\/rreth-nesh\/\" \/>\n<meta property=\"og:site_name\" content=\"NanoSTIX\" \/>\n<meta property=\"article:modified_time\" content=\"2023-12-04T14:25:05+00:00\" \/>\n<meta property=\"og:image\" content=\"https:\/\/nanostix.al\/wp-content\/uploads\/2022\/10\/about-nanopod-scaled.jpg\" \/>\n<meta name=\"twitter:card\" content=\"summary_large_image\" \/>\n<meta name=\"twitter:label1\" content=\"Estimated reading time\" \/>\n\t<meta name=\"twitter:data1\" content=\"1 minute\" \/>\n<script type=\"application\/ld+json\" class=\"yoast-schema-graph\">{\"@context\":\"https:\/\/schema.org\",\"@graph\":[{\"@type\":\"WebPage\",\"@id\":\"https:\/\/nanostix.al\/rreth-nesh\/\",\"url\":\"https:\/\/nanostix.al\/rreth-nesh\/\",\"name\":\"Rreth nesh - NanoSTIX\",\"isPartOf\":{\"@id\":\"https:\/\/nanostix.al\/#website\"},\"datePublished\":\"2022-04-23T04:29:58+00:00\",\"dateModified\":\"2023-12-04T14:25:05+00:00\",\"description\":\"NanoSTIX Albania \u00ebsht\u00eb prodhuesi pionier p\u00ebr teknologjin\u00eb e cigareve elektronike. Misioni yn\u00eb me nanoSTIX \u00ebsht\u00eb t\u00eb ndihmojm\u00eb duhanpir\u00ebsit e rritur t\u00eb p\u00ebrmir\u00ebsojn\u00eb jet\u00ebn e tyre duke u ofruar atyre nje kosto efektive dhe nje alternativ\u00eb te zbatueshme ndaj duhanpirjes.\",\"breadcrumb\":{\"@id\":\"https:\/\/nanostix.al\/rreth-nesh\/#breadcrumb\"},\"inLanguage\":\"en-GB\",\"potentialAction\":[{\"@type\":\"ReadAction\",\"target\":[\"https:\/\/nanostix.al\/rreth-nesh\/\"]}]},{\"@type\":\"BreadcrumbList\",\"@id\":\"https:\/\/nanostix.al\/rreth-nesh\/#breadcrumb\",\"itemListElement\":[{\"@type\":\"ListItem\",\"position\":1,\"name\":\"Home\",\"item\":\"https:\/\/nanostix.al\/\"},{\"@type\":\"ListItem\",\"position\":2,\"name\":\"Rreth nesh\"}]},{\"@type\":\"WebSite\",\"@id\":\"https:\/\/nanostix.al\/#website\",\"url\":\"https:\/\/nanostix.al\/\",\"name\":\"NanoSTIX\",\"description\":\"DESIGNED FOR FUTURE\",\"publisher\":{\"@id\":\"https:\/\/nanostix.al\/#organization\"},\"potentialAction\":[{\"@type\":\"SearchAction\",\"target\":{\"@type\":\"EntryPoint\",\"urlTemplate\":\"https:\/\/nanostix.al\/?s={search_term_string}\"},\"query-input\":\"required name=search_term_string\"}],\"inLanguage\":\"en-GB\"},{\"@type\":\"Organization\",\"@id\":\"https:\/\/nanostix.al\/#organization\",\"name\":\"NanoSTIX\",\"url\":\"https:\/\/nanostix.al\/\",\"logo\":{\"@type\":\"ImageObject\",\"inLanguage\":\"en-GB\",\"@id\":\"https:\/\/nanostix.al\/#\/schema\/logo\/image\/\",\"url\":\"https:\/\/nanostix.al\/wp-content\/uploads\/2022\/10\/Artboard-1-7.png\",\"contentUrl\":\"https:\/\/nanostix.al\/wp-content\/uploads\/2022\/10\/Artboard-1-7.png\",\"width\":596,\"height\":309,\"caption\":\"NanoSTIX\"},\"image\":{\"@id\":\"https:\/\/nanostix.al\/#\/schema\/logo\/image\/\"},\"sameAs\":[\"https:\/\/www.instagram.com\/nanostix.albania\/\"]}]}<\/script>\n<!-- \/ Yoast SEO plugin. -->","yoast_head_json":{"title":"Rreth nesh - NanoSTIX","description":"NanoSTIX Albania \u00ebsht\u00eb prodhuesi pionier p\u00ebr teknologjin\u00eb e cigareve elektronike. Misioni yn\u00eb me nanoSTIX \u00ebsht\u00eb t\u00eb ndihmojm\u00eb duhanpir\u00ebsit e rritur t\u00eb p\u00ebrmir\u00ebsojn\u00eb jet\u00ebn e tyre duke u ofruar atyre nje kosto efektive dhe nje alternativ\u00eb te zbatueshme ndaj duhanpirjes.","robots":{"index":"index","follow":"follow","max-snippet":"max-snippet:-1","max-image-preview":"max-image-preview:large","max-video-preview":"max-video-preview:-1"},"canonical":"https:\/\/nanostix.al\/en\/rreth-nesh\/","og_locale":"en_GB","og_type":"article","og_title":"Rreth nesh - NanoSTIX","og_description":"NanoSTIX Albania \u00ebsht\u00eb prodhuesi pionier p\u00ebr teknologjin\u00eb e cigareve elektronike. Misioni yn\u00eb me nanoSTIX \u00ebsht\u00eb t\u00eb ndihmojm\u00eb duhanpir\u00ebsit e rritur t\u00eb p\u00ebrmir\u00ebsojn\u00eb jet\u00ebn e tyre duke u ofruar atyre nje kosto efektive dhe nje alternativ\u00eb te zbatueshme ndaj duhanpirjes.","og_url":"https:\/\/nanostix.al\/en\/rreth-nesh\/","og_site_name":"NanoSTIX","article_modified_time":"2023-12-04T14:25:05+00:00","og_image":[{"url":"https:\/\/nanostix.al\/wp-content\/uploads\/2022\/10\/about-nanopod-scaled.jpg"}],"twitter_card":"summary_large_image","twitter_misc":{"Estimated reading time":"1 minute"},"schema":{"@context":"https:\/\/schema.org","@graph":[{"@type":"WebPage","@id":"https:\/\/nanostix.al\/rreth-nesh\/","url":"https:\/\/nanostix.al\/rreth-nesh\/","name":"Rreth nesh - NanoSTIX","isPartOf":{"@id":"https:\/\/nanostix.al\/#website"},"datePublished":"2022-04-23T04:29:58+00:00","dateModified":"2023-12-04T14:25:05+00:00","description":"NanoSTIX Albania \u00ebsht\u00eb prodhuesi pionier p\u00ebr teknologjin\u00eb e cigareve elektronike. Misioni yn\u00eb me nanoSTIX \u00ebsht\u00eb t\u00eb ndihmojm\u00eb duhanpir\u00ebsit e rritur t\u00eb p\u00ebrmir\u00ebsojn\u00eb jet\u00ebn e tyre duke u ofruar atyre nje kosto efektive dhe nje alternativ\u00eb te zbatueshme ndaj duhanpirjes.","breadcrumb":{"@id":"https:\/\/nanostix.al\/rreth-nesh\/#breadcrumb"},"inLanguage":"en-GB","potentialAction":[{"@type":"ReadAction","target":["https:\/\/nanostix.al\/rreth-nesh\/"]}]},{"@type":"BreadcrumbList","@id":"https:\/\/nanostix.al\/rreth-nesh\/#breadcrumb","itemListElement":[{"@type":"ListItem","position":1,"name":"Home","item":"https:\/\/nanostix.al\/"},{"@type":"ListItem","position":2,"name":"Rreth nesh"}]},{"@type":"WebSite","@id":"https:\/\/nanostix.al\/#website","url":"https:\/\/nanostix.al\/","name":"NanoSTIX","description":"DESIGNED FOR FUTURE","publisher":{"@id":"https:\/\/nanostix.al\/#organization"},"potentialAction":[{"@type":"SearchAction","target":{"@type":"EntryPoint","urlTemplate":"https:\/\/nanostix.al\/?s={search_term_string}"},"query-input":"required name=search_term_string"}],"inLanguage":"en-GB"},{"@type":"Organization","@id":"https:\/\/nanostix.al\/#organization","name":"NanoSTIX","url":"https:\/\/nanostix.al\/","logo":{"@type":"ImageObject","inLanguage":"en-GB","@id":"https:\/\/nanostix.al\/#\/schema\/logo\/image\/","url":"https:\/\/nanostix.al\/wp-content\/uploads\/2022\/10\/Artboard-1-7.png","contentUrl":"https:\/\/nanostix.al\/wp-content\/uploads\/2022\/10\/Artboard-1-7.png","width":596,"height":309,"caption":"NanoSTIX"},"image":{"@id":"https:\/\/nanostix.al\/#\/schema\/logo\/image\/"},"sameAs":["https:\/\/www.instagram.com\/nanostix.albania\/"]}]}},"_links":{"self":[{"href":"https:\/\/nanostix.al\/en\/wp-json\/wp\/v2\/pages\/1461","targetHints":{"allow":["GET"]}}],"collection":[{"href":"https:\/\/nanostix.al\/en\/wp-json\/wp\/v2\/pages"}],"about":[{"href":"https:\/\/nanostix.al\/en\/wp-json\/wp\/v2\/types\/page"}],"author":[{"embeddable":true,"href":"https:\/\/nanostix.al\/en\/wp-json\/wp\/v2\/users\/1"}],"replies":[{"embeddable":true,"href":"https:\/\/nanostix.al\/en\/wp-json\/wp\/v2\/comments?post=1461"}],"version-history":[{"count":75,"href":"https:\/\/nanostix.al\/en\/wp-json\/wp\/v2\/pages\/1461\/revisions"}],"predecessor-version":[{"id":5659,"href":"https:\/\/nanostix.al\/en\/wp-json\/wp\/v2\/pages\/1461\/revisions\/5659"}],"wp:attachment":[{"href":"https:\/\/nanostix.al\/en\/wp-json\/wp\/v2\/media?parent=1461"}],"curies":[{"name":"wp","href":"https:\/\/api.w.org\/{rel}","templated":true}]}}