{"id":3991,"date":"2022-10-17T13:45:07","date_gmt":"2022-10-17T13:45:07","guid":{"rendered":"https:\/\/nanostix.al\/?page_id=3991"},"modified":"2022-11-10T13:42:03","modified_gmt":"2022-11-10T13:42:03","slug":"agjentet","status":"publish","type":"page","link":"https:\/\/nanostix.al\/en\/agjentet\/","title":{"rendered":"Agents"},"content":{"rendered":"<div data-elementor-type=\"wp-page\" data-elementor-id=\"3991\" class=\"elementor elementor-3991\">\n\t\t\t\t\t\t\t<div class=\"elementor-element elementor-element-83e692b e-con-boxed lakit-col-width-auto-no e-container e-root-container elementor-top-section e-con\" data-id=\"83e692b\" data-element_type=\"container\" data-settings=\"{&quot;background_background&quot;:&quot;classic&quot;,&quot;background_motion_fx_motion_fx_scrolling&quot;:&quot;yes&quot;,&quot;background_motion_fx_translateY_effect&quot;:&quot;yes&quot;,&quot;content_width&quot;:&quot;boxed&quot;,&quot;background_motion_fx_translateY_speed&quot;:{&quot;unit&quot;:&quot;px&quot;,&quot;size&quot;:3,&quot;sizes&quot;:[]},&quot;background_motion_fx_translateY_affectedRange&quot;:{&quot;unit&quot;:&quot;%&quot;,&quot;size&quot;:&quot;&quot;,&quot;sizes&quot;:{&quot;start&quot;:20,&quot;end&quot;:80}},&quot;background_motion_fx_devices&quot;:[&quot;desktop&quot;,&quot;mobile&quot;,&quot;mobile_extra&quot;,&quot;tablet&quot;,&quot;laptop&quot;]}\">\n\t\t\t\t\t<div class=\"e-con-inner\">\n\t\t\t\t<div class=\"elementor-element elementor-element-d3d51b9 lakit-breadcrumbs-page-title-yes lakit-breadcrumbs-align-left lakit-breadcrumbs-align-mobile-left elementor-invisible lakit-has-entrance-animation elementor-widget lastudio-kit elementor-lakit-breadcrumbs\" data-id=\"d3d51b9\" data-element_type=\"widget\" data-settings=\"{&quot;_animation&quot;:&quot;lakitShortFadeInUp&quot;,&quot;_animation_delay&quot;:300}\" data-widget_type=\"lakit-breadcrumbs.default\">\n\t\t\t\t<div class=\"elementor-widget-container\">\n\t\t\t\n\t\t<div class=\"lakit-breadcrumbs\">\n\t\t<div class=\"lakit-breadcrumbs__content\">\n\t\t<div class=\"lakit-breadcrumbs__wrap\"><div class=\"lakit-breadcrumbs__item\"><a href=\"https:\/\/nanostix.al\/en\/\" class=\"lakit-breadcrumbs__item-link is-home\" rel=\"home\" title=\"Home\" data-no-translation=\"\" data-trp-gettext=\"\" data-no-translation-title=\"\">Home<\/a><\/div>\n\t\t<\/div>\n\t\t<\/div>\n\t\t<\/div>\t\t<\/div>\n\t\t\t\t<\/div>\n\t\t\t\t\t<\/div>\n\t\t\t\t<\/div>\n\t\t<div class=\"elementor-element elementor-element-48910e9 e-con-boxed lakit-col-width-auto-no elementor-invisible e-container e-root-container elementor-top-section lakit-has-entrance-animation e-con\" data-id=\"48910e9\" data-element_type=\"container\" data-settings=\"{&quot;background_background&quot;:&quot;classic&quot;,&quot;animation&quot;:&quot;lakitShortFadeInUp&quot;,&quot;content_width&quot;:&quot;boxed&quot;}\">\n\t\t\t\t\t<div class=\"e-con-inner\">\n\t\t\t\t<div class=\"elementor-element elementor-element-79db514 elementor-invisible lakit-has-entrance-animation elementor-widget elementor-widget-heading\" data-id=\"79db514\" data-element_type=\"widget\" data-settings=\"{&quot;_animation&quot;:&quot;lakitShortFadeInUp&quot;,&quot;_animation_delay&quot;:300}\" data-widget_type=\"heading.default\">\n\t\t\t\t<div class=\"elementor-widget-container\">\n\t\t\t<style>\/*! elementor - v3.8.0 - 30-10-2022 *\/\n.elementor-heading-title{padding:0;margin:0;line-height:1}.elementor-widget-heading .elementor-heading-title[class*=elementor-size-]>a{color:inherit;font-size:inherit;line-height:inherit}.elementor-widget-heading .elementor-heading-title.elementor-size-small{font-size:15px}.elementor-widget-heading .elementor-heading-title.elementor-size-medium{font-size:19px}.elementor-widget-heading .elementor-heading-title.elementor-size-large{font-size:29px}.elementor-widget-heading .elementor-heading-title.elementor-size-xl{font-size:39px}.elementor-widget-heading .elementor-heading-title.elementor-size-xxl{font-size:59px}<\/style><h2 class=\"elementor-heading-title elementor-size-default\">Apply now<\/h2>\t\t<\/div>\n\t\t\t\t<\/div>\n\t\t\t\t\t<\/div>\n\t\t\t\t<\/div>\n\t\t<div class=\"elementor-element elementor-element-8460633 e-con-boxed lakit-col-width-auto-no e-container e-root-container elementor-top-section e-con\" data-id=\"8460633\" data-element_type=\"container\" data-settings=\"{&quot;background_background&quot;:&quot;classic&quot;,&quot;content_width&quot;:&quot;boxed&quot;}\">\n\t\t\t\t\t<div class=\"e-con-inner\">\n\t\t\t\t<div class=\"elementor-element elementor-element-41f7e47 elementor-widget lastudio-kit elementor-lakit-contactform7\" data-id=\"41f7e47\" data-element_type=\"widget\" data-widget_type=\"lakit-contactform7.default\">\n\t\t\t\t<div class=\"elementor-widget-container\">\n\t\t\t<div role=\"form\" class=\"wpcf7\" id=\"wpcf7-f185-o1\" lang=\"en-US\" dir=\"ltr\">\n<div class=\"screen-reader-response\"><p role=\"status\" aria-live=\"polite\" aria-atomic=\"true\"><\/p> <ul><\/ul><\/div>\n<form action=\"\/en\/wp-json\/wp\/v2\/pages\/3991#wpcf7-f185-o1\" method=\"post\" class=\"wpcf7-form init\" enctype=\"multipart\/form-data\" novalidate=\"novalidate\" data-status=\"init\" data-trp-original-action=\"\/en\/wp-json\/wp\/v2\/pages\/3991#wpcf7-f185-o1\">\n<div style=\"display: none;\">\n<input type=\"hidden\" name=\"_wpcf7\" value=\"185\" \/>\n<input type=\"hidden\" name=\"_wpcf7_version\" value=\"5.6.3\" \/>\n<input type=\"hidden\" name=\"_wpcf7_locale\" value=\"en_US\" \/>\n<input type=\"hidden\" name=\"_wpcf7_unit_tag\" value=\"wpcf7-f185-o1\" \/>\n<input type=\"hidden\" name=\"_wpcf7_container_post\" value=\"0\" \/>\n<input type=\"hidden\" name=\"_wpcf7_posted_data_hash\" value=\"\" \/>\n<\/div>\n<p><label> Full Name<br \/>\n    <span class=\"wpcf7-form-control-wrap\" data-name=\"your-name\"><input type=\"text\" name=\"your-name\" value=\"\" size=\"40\" class=\"wpcf7-form-control wpcf7-text wpcf7-validates-as-required\" aria-required=\"true\" aria-invalid=\"false\" \/><\/span> <\/label><\/p>\n<p><label> Email<br \/>\n    <span class=\"wpcf7-form-control-wrap\" data-name=\"your-email\"><input type=\"email\" name=\"your-email\" value=\"\" size=\"40\" class=\"wpcf7-form-control wpcf7-text wpcf7-email wpcf7-validates-as-required wpcf7-validates-as-email\" aria-required=\"true\" aria-invalid=\"false\" \/><\/span> <\/label><\/p>\n<p><label> Subject<br \/>\n    <span class=\"wpcf7-form-control-wrap\" data-name=\"your-subject\"><input type=\"text\" name=\"your-subject\" value=\"\" size=\"40\" class=\"wpcf7-form-control wpcf7-text wpcf7-validates-as-required\" aria-required=\"true\" aria-invalid=\"false\" \/><\/span> <\/label><br \/>\n<label> CV<br \/>\n    <span class=\"wpcf7-form-control-wrap\" data-name=\"file-540\"><input type=\"file\" name=\"file-540\" size=\"40\" class=\"wpcf7-form-control wpcf7-file wpcf7-validates-as-required\" accept=\".pdf,.jpg,.docx\" aria-required=\"true\" aria-invalid=\"false\" \/><\/span> <\/label><\/p>\n<p><label> Your message<br \/>\n    <span class=\"wpcf7-form-control-wrap\" data-name=\"your-message\"><textarea name=\"your-message\" cols=\"40\" rows=\"10\" class=\"wpcf7-form-control wpcf7-textarea\" aria-invalid=\"false\"><\/textarea><\/span> <\/label><\/p>\n<p><input type=\"submit\" value=\"Submit\" class=\"wpcf7-form-control has-spinner wpcf7-submit\" \/><\/p>\n<div class=\"wpcf7-response-output\" aria-hidden=\"true\"><\/div><input type=\"hidden\" name=\"trp-form-language\" value=\"en\"\/><\/form><\/div>\t\t<\/div>\n\t\t\t\t<\/div>\n\t\t\t\t\t<\/div>\n\t\t\t\t<\/div>\n\t\t\t\t\t\t\t<\/div>","protected":false},"excerpt":{"rendered":"<p>Home Apliko tani Em\u00ebr Mbiem\u00ebr Email Subjekti CV Mesazhi juaj<\/p>","protected":false},"author":1,"featured_media":0,"parent":0,"menu_order":0,"comment_status":"closed","ping_status":"closed","template":"","meta":{"footnotes":""},"class_list":["post-3991","page","type-page","status-publish","hentry"],"yoast_head":"<!-- This site is optimized with the Yoast SEO plugin v19.11 - https:\/\/yoast.com\/wordpress\/plugins\/seo\/ -->\n<title>Agjent\u00ebt - NanoSTIX<\/title>\n<meta name=\"robots\" content=\"index, follow, max-snippet:-1, max-image-preview:large, max-video-preview:-1\" \/>\n<link rel=\"canonical\" href=\"https:\/\/nanostix.al\/en\/agjentet\/\" \/>\n<meta property=\"og:locale\" content=\"en_GB\" \/>\n<meta property=\"og:type\" content=\"article\" \/>\n<meta property=\"og:title\" content=\"Agjent\u00ebt - NanoSTIX\" \/>\n<meta property=\"og:description\" content=\"Home Apliko tani Em\u00ebr Mbiem\u00ebr Email Subjekti CV Mesazhi juaj\" \/>\n<meta property=\"og:url\" content=\"https:\/\/nanostix.al\/en\/agjentet\/\" \/>\n<meta property=\"og:site_name\" content=\"NanoSTIX\" \/>\n<meta property=\"article:modified_time\" content=\"2022-11-10T13:42:03+00:00\" \/>\n<meta name=\"twitter:card\" content=\"summary_large_image\" \/>\n<script type=\"application\/ld+json\" class=\"yoast-schema-graph\">{\"@context\":\"https:\/\/schema.org\",\"@graph\":[{\"@type\":\"WebPage\",\"@id\":\"https:\/\/nanostix.al\/agjentet\/\",\"url\":\"https:\/\/nanostix.al\/agjentet\/\",\"name\":\"Agjent\u00ebt - NanoSTIX\",\"isPartOf\":{\"@id\":\"https:\/\/nanostix.al\/#website\"},\"datePublished\":\"2022-10-17T13:45:07+00:00\",\"dateModified\":\"2022-11-10T13:42:03+00:00\",\"breadcrumb\":{\"@id\":\"https:\/\/nanostix.al\/agjentet\/#breadcrumb\"},\"inLanguage\":\"en-GB\",\"potentialAction\":[{\"@type\":\"ReadAction\",\"target\":[\"https:\/\/nanostix.al\/agjentet\/\"]}]},{\"@type\":\"BreadcrumbList\",\"@id\":\"https:\/\/nanostix.al\/agjentet\/#breadcrumb\",\"itemListElement\":[{\"@type\":\"ListItem\",\"position\":1,\"name\":\"Home\",\"item\":\"https:\/\/nanostix.al\/\"},{\"@type\":\"ListItem\",\"position\":2,\"name\":\"Agjent\u00ebt\"}]},{\"@type\":\"WebSite\",\"@id\":\"https:\/\/nanostix.al\/#website\",\"url\":\"https:\/\/nanostix.al\/\",\"name\":\"NanoSTIX\",\"description\":\"DESIGNED FOR FUTURE\",\"publisher\":{\"@id\":\"https:\/\/nanostix.al\/#organization\"},\"potentialAction\":[{\"@type\":\"SearchAction\",\"target\":{\"@type\":\"EntryPoint\",\"urlTemplate\":\"https:\/\/nanostix.al\/?s={search_term_string}\"},\"query-input\":\"required name=search_term_string\"}],\"inLanguage\":\"en-GB\"},{\"@type\":\"Organization\",\"@id\":\"https:\/\/nanostix.al\/#organization\",\"name\":\"NanoSTIX\",\"url\":\"https:\/\/nanostix.al\/\",\"logo\":{\"@type\":\"ImageObject\",\"inLanguage\":\"en-GB\",\"@id\":\"https:\/\/nanostix.al\/#\/schema\/logo\/image\/\",\"url\":\"https:\/\/nanostix.al\/wp-content\/uploads\/2022\/10\/Artboard-1-7.png\",\"contentUrl\":\"https:\/\/nanostix.al\/wp-content\/uploads\/2022\/10\/Artboard-1-7.png\",\"width\":596,\"height\":309,\"caption\":\"NanoSTIX\"},\"image\":{\"@id\":\"https:\/\/nanostix.al\/#\/schema\/logo\/image\/\"},\"sameAs\":[\"https:\/\/www.instagram.com\/nanostix.albania\/\"]}]}<\/script>\n<!-- \/ Yoast SEO plugin. -->","yoast_head_json":{"title":"Agjent\u00ebt - NanoSTIX","robots":{"index":"index","follow":"follow","max-snippet":"max-snippet:-1","max-image-preview":"max-image-preview:large","max-video-preview":"max-video-preview:-1"},"canonical":"https:\/\/nanostix.al\/en\/agjentet\/","og_locale":"en_GB","og_type":"article","og_title":"Agjent\u00ebt - NanoSTIX","og_description":"Home Apliko tani Em\u00ebr Mbiem\u00ebr Email Subjekti CV Mesazhi juaj","og_url":"https:\/\/nanostix.al\/en\/agjentet\/","og_site_name":"NanoSTIX","article_modified_time":"2022-11-10T13:42:03+00:00","twitter_card":"summary_large_image","schema":{"@context":"https:\/\/schema.org","@graph":[{"@type":"WebPage","@id":"https:\/\/nanostix.al\/agjentet\/","url":"https:\/\/nanostix.al\/agjentet\/","name":"Agjent\u00ebt - NanoSTIX","isPartOf":{"@id":"https:\/\/nanostix.al\/#website"},"datePublished":"2022-10-17T13:45:07+00:00","dateModified":"2022-11-10T13:42:03+00:00","breadcrumb":{"@id":"https:\/\/nanostix.al\/agjentet\/#breadcrumb"},"inLanguage":"en-GB","potentialAction":[{"@type":"ReadAction","target":["https:\/\/nanostix.al\/agjentet\/"]}]},{"@type":"BreadcrumbList","@id":"https:\/\/nanostix.al\/agjentet\/#breadcrumb","itemListElement":[{"@type":"ListItem","position":1,"name":"Home","item":"https:\/\/nanostix.al\/"},{"@type":"ListItem","position":2,"name":"Agjent\u00ebt"}]},{"@type":"WebSite","@id":"https:\/\/nanostix.al\/#website","url":"https:\/\/nanostix.al\/","name":"NanoSTIX","description":"DESIGNED FOR FUTURE","publisher":{"@id":"https:\/\/nanostix.al\/#organization"},"potentialAction":[{"@type":"SearchAction","target":{"@type":"EntryPoint","urlTemplate":"https:\/\/nanostix.al\/?s={search_term_string}"},"query-input":"required name=search_term_string"}],"inLanguage":"en-GB"},{"@type":"Organization","@id":"https:\/\/nanostix.al\/#organization","name":"NanoSTIX","url":"https:\/\/nanostix.al\/","logo":{"@type":"ImageObject","inLanguage":"en-GB","@id":"https:\/\/nanostix.al\/#\/schema\/logo\/image\/","url":"https:\/\/nanostix.al\/wp-content\/uploads\/2022\/10\/Artboard-1-7.png","contentUrl":"https:\/\/nanostix.al\/wp-content\/uploads\/2022\/10\/Artboard-1-7.png","width":596,"height":309,"caption":"NanoSTIX"},"image":{"@id":"https:\/\/nanostix.al\/#\/schema\/logo\/image\/"},"sameAs":["https:\/\/www.instagram.com\/nanostix.albania\/"]}]}},"_links":{"self":[{"href":"https:\/\/nanostix.al\/en\/wp-json\/wp\/v2\/pages\/3991","targetHints":{"allow":["GET"]}}],"collection":[{"href":"https:\/\/nanostix.al\/en\/wp-json\/wp\/v2\/pages"}],"about":[{"href":"https:\/\/nanostix.al\/en\/wp-json\/wp\/v2\/types\/page"}],"author":[{"embeddable":true,"href":"https:\/\/nanostix.al\/en\/wp-json\/wp\/v2\/users\/1"}],"replies":[{"embeddable":true,"href":"https:\/\/nanostix.al\/en\/wp-json\/wp\/v2\/comments?post=3991"}],"version-history":[{"count":51,"href":"https:\/\/nanostix.al\/en\/wp-json\/wp\/v2\/pages\/3991\/revisions"}],"predecessor-version":[{"id":5034,"href":"https:\/\/nanostix.al\/en\/wp-json\/wp\/v2\/pages\/3991\/revisions\/5034"}],"wp:attachment":[{"href":"https:\/\/nanostix.al\/en\/wp-json\/wp\/v2\/media?parent=3991"}],"curies":[{"name":"wp","href":"https:\/\/api.w.org\/{rel}","templated":true}]}}