{"id":3592,"date":"2022-10-11T18:59:12","date_gmt":"2022-10-11T18:59:12","guid":{"rendered":"http:\/\/nanostix.al\/?post_type=product&#038;p=3592"},"modified":"2024-06-16T18:09:50","modified_gmt":"2024-06-16T18:09:50","slug":"nanostix-gold","status":"publish","type":"product","link":"https:\/\/nanostix.al\/en\/product\/nanostix-gold\/","title":{"rendered":"NanoSTIX Gold"},"content":{"rendered":"<h3 style=\"font-family: 'Open sans';\">Package Contents<\/h3>\n<p>NanoSTIX Neo<br \/>\nUSB-C Charger<br \/>\n1 Year Warranty Card<br \/>\nUser Manual<br \/>\nEach box contains: 1x NanoSTIX Neo (V2) Blue<\/p>\n<h3 style=\"font-family: 'Open sans';\">NanoSTIX DEVICE<\/h3>\n<p>The load &amp; go NanoPOD (V1) is a revolutionary closed pod system device,that, by removing the tar and chemicals from cigarettes, provides a healthier and more affordable alternative to smoking. The device is lightweight and made of stainless steel casing. Designed without the mess of refill tanks, you\u2019ll just have to simply insert the NanoPOD juice cartridge into the device and you\u2019re ready to use right away. The NanoSTIX device is powered by LED power indicator, micro USB with 0.35V \u2013 2.25V. There are 8 colors for the NanoSTIX device:<br \/>\n\u2013 <a href=\"https:\/\/nanostix.al\/en\/product\/nanostix-e-zeze\/\"><strong>Black<\/strong><\/a><br \/>\n\u2013 <a href=\"https:\/\/nanostix.al\/en\/product\/nanostix-gri\/\"><strong>Grey<\/strong><\/a><br \/>\n\u2013 <a href=\"https:\/\/nanostix.al\/en\/product\/nanostix-roze\/\"><strong>Pink<\/strong><\/a><br \/>\n\u2013 <a href=\"https:\/\/nanostix.al\/en\/product\/nanostix-e-kuqe\/\"><strong>Red<\/strong><\/a><br \/>\n\u2013 <a href=\"https:\/\/nanostix.al\/en\/product\/nanostix-vjollce\/\"><strong>Purple<\/strong><\/a><br \/>\n\u2013 <a href=\"https:\/\/nanostix.al\/en\/product\/nanostix-blu\/\"><strong>Blue<\/strong><\/a><br \/>\n\u2013 <a href=\"https:\/\/nanostix.al\/en\/product\/nanostix-aquamarine\/\"><strong>Aquamarine<\/strong><\/a><\/p>\n<h6 style=\"font-family: 'Open sans';\"><strong>NanoSTIX Neo! Stop smoking and start using NanoSTIX now.<\/strong><\/h6>\n<h3 style=\"font-family: 'Open sans';\">NanoPOD Flavors<\/h3>\n<p>Available in packs of 4, NanoPODS (V1) 1.5ml comes in a wide range of flavours. Don\u2019t get fooled by their compact size! These tiny fragrant capsules have the same amount of nicotine as 45 cigarettes, and the delivery is far more effective thanks to our ground-breaking NanoNIC technology, which uses natural nicotine salts, instead of traditional free-base nicotine.<br \/>\n<strong>Seria Mix<\/strong>: Mix Red (Banana Vanilla, Strawberry Vanilla, Coffee Hazelnut, TABAC Classic), Mix Blue (Grape Ice, Mango Ice, Guava, Lychee)<br \/>\n<strong>Seria TABAC<\/strong>: TABAC Classic, TABAC Menthol<br \/>\n<strong>Seria FREEZI<\/strong>: Jackfruit, Lychee, Guava<br \/>\n<strong>Seria Utopia<\/strong>: Coffee, Coffee Hazelnut<br \/>\n<strong>Seria Superb<\/strong>: Graple, Honeydew, Strawberry Apple, Bubblegum<br \/>\n<strong>Seria Velvet<\/strong>: Strawberry Vanilla, Banana Vanilla<br \/>\n<strong>Seria Fantasi<\/strong>: Apple Ice, Grape Ice, Mango Ice, Orange Ice, Lemonade Ice<\/p>\n<p><strong>NanoSTIX Neo! Stop smoking and start using NanoSTIX now.<\/strong><\/p>\n<h3 style=\"font-family: 'Open sans';\">In Conclusion<\/h3>\n<p>Only those who have tried for years to quit, know the consequences of it, and how hard it can be to give up smoking. Fortunately, we got your back! With NanoSTIX you can can quit this life-threatening addiction for good. We believe there is no next time, it\u2019s now or never.\nAt NanoSTIX Distribution you can also find our NanoSTIX Online Store with all the new NanoSTIX products and we are happy to serve both the local and international markets. Above all, we are more than happy to fulfill your request and offer a warranty with the conditions applied.<\/p>","protected":false},"excerpt":{"rendered":"<p>NanoSTIX Neo<br \/>\nCharging Port: USB Type-C<br \/>\nWarranty: 1 Year<br \/>\nEach box contains: 1x NanoSTIX Neo (V2) Gold<\/p>\n<h3 style=\"font-family: 'Open sans'; font-size: 18px;\">Contact Us<\/h3>\n<div data-number=\"355694040914\" data-pre_filled=\"https:\/\/nanostix.al\/en\/product\/nanostix-gold\/\" data-style=\"4\" style=\"display: inline; cursor: pointer; z-index: 99999999; \" class=\"ht-ctc-sc ht-ctc-sc-chat sc-style-4 ht-ctc-inline\" data-no-translation-data-pre_filled=\"\">\n<div class=\"chip ctc-analytics ctc_cta\" style=\"display:inline-flex;;justify-content:center;align-items:center;background-color:#e4e4e4;color:#7f7d7d;padding:0 12px;border-radius:25px;font-size:13px;line-height:32px;\">\n        <span style=\"margin:0 8px 0 -12px;;order:0;\"><svg style=\"pointer-events:none; display: block; height:32px; width:32px;\" width=\"32px\" height=\"32px\" viewbox=\"0 0 1219.547 1225.016\">\n        <path fill=\"#E0E0E0\" d=\"M1041.858 178.02C927.206 63.289 774.753.07 612.325 0 277.617 0 5.232 272.298 5.098 606.991c-.039 106.986 27.915 211.42 81.048 303.476L0 1225.016l321.898-84.406c88.689 48.368 188.547 73.855 290.166 73.896h.258.003c334.654 0 607.08-272.346 607.222-607.023.056-162.208-63.052-314.724-177.689-429.463zm-429.533 933.963h-.197c-90.578-.048-179.402-24.366-256.878-70.339l-18.438-10.93-191.021 50.083 51-186.176-12.013-19.087c-50.525-80.336-77.198-173.175-77.16-268.504.111-278.186 226.507-504.503 504.898-504.503 134.812.056 261.519 52.604 356.814 147.965 95.289 95.36 147.728 222.128 147.688 356.948-.118 278.195-226.522 504.543-504.693 504.543z\"\/>\n        <lineargradient id=\"htwaicona-chat-sc\" gradientunits=\"userSpaceOnUse\" x1=\"609.77\" y1=\"1190.114\" x2=\"609.77\" y2=\"21.084\">\n            <stop offset=\"0\" stop-color=\"#20b038\"\/>\n            <stop offset=\"1\" stop-color=\"#60d66a\"\/>\n        <\/lineargradient>\n        <path fill=\"url(#htwaicona-chat-sc)\" d=\"M27.875 1190.114l82.211-300.18c-50.719-87.852-77.391-187.523-77.359-289.602.133-319.398 260.078-579.25 579.469-579.25 155.016.07 300.508 60.398 409.898 169.891 109.414 109.492 169.633 255.031 169.57 409.812-.133 319.406-260.094 579.281-579.445 579.281-.023 0 .016 0 0 0h-.258c-96.977-.031-192.266-24.375-276.898-70.5l-307.188 80.548z\"\/>\n        <image overflow=\"visible\" opacity=\".08\" width=\"682\" height=\"639\" transform=\"translate(270.984 291.372)\"\/>\n        <path fill-rule=\"evenodd\" clip-rule=\"evenodd\" fill=\"#FFF\" d=\"M462.273 349.294c-11.234-24.977-23.062-25.477-33.75-25.914-8.742-.375-18.75-.352-28.742-.352-10 0-26.25 3.758-39.992 18.766-13.75 15.008-52.5 51.289-52.5 125.078 0 73.797 53.75 145.102 61.242 155.117 7.5 10 103.758 166.266 256.203 226.383 126.695 49.961 152.477 40.023 179.977 37.523s88.734-36.273 101.234-71.297c12.5-35.016 12.5-65.031 8.75-71.305-3.75-6.25-13.75-10-28.75-17.5s-88.734-43.789-102.484-48.789-23.75-7.5-33.75 7.516c-10 15-38.727 48.773-47.477 58.773-8.75 10.023-17.5 11.273-32.5 3.773-15-7.523-63.305-23.344-120.609-74.438-44.586-39.75-74.688-88.844-83.438-103.859-8.75-15-.938-23.125 6.586-30.602 6.734-6.719 15-17.508 22.5-26.266 7.484-8.758 9.984-15.008 14.984-25.008 5-10.016 2.5-18.773-1.25-26.273s-32.898-81.67-46.234-111.326z\"\/>\n        <path fill=\"#FFF\" d=\"M1036.898 176.091C923.562 62.677 772.859.185 612.297.114 281.43.114 12.172 269.286 12.039 600.137 12 705.896 39.633 809.13 92.156 900.13L7 1211.067l318.203-83.438c87.672 47.812 186.383 73.008 286.836 73.047h.255.003c330.812 0 600.109-269.219 600.25-600.055.055-160.343-62.328-311.108-175.649-424.53zm-424.601 923.242h-.195c-89.539-.047-177.344-24.086-253.93-69.531l-18.227-10.805-188.828 49.508 50.414-184.039-11.875-18.867c-49.945-79.414-76.312-171.188-76.273-265.422.109-274.992 223.906-498.711 499.102-498.711 133.266.055 258.516 52 352.719 146.266 94.195 94.266 146.031 219.578 145.992 352.852-.118 274.999-223.923 498.749-498.899 498.749z\"\/>\n    <\/svg><\/span><br \/>\n        <span data-no-translation=\"\" data-trp-gettext=\"\">WhatsApp us<\/span>\n    <\/div>\n<\/div>","protected":false},"featured_media":3593,"comment_status":"open","ping_status":"closed","template":"","meta":[],"product_cat":[22],"product_tag":[],"class_list":["post-3592","product","type-product","status-publish","has-post-thumbnail","hentry","product_cat-box-device"],"yoast_head":"<!-- This site is optimized with the Yoast SEO plugin v19.11 - https:\/\/yoast.com\/wordpress\/plugins\/seo\/ -->\n<title>NanoSTIX Gold - NanoSTIX<\/title>\n<meta name=\"robots\" content=\"index, follow, max-snippet:-1, max-image-preview:large, max-video-preview:-1\" \/>\n<link rel=\"canonical\" href=\"https:\/\/nanostix.al\/en\/product\/nanostix-gold\/\" \/>\n<meta property=\"og:locale\" content=\"en_GB\" \/>\n<meta property=\"og:type\" content=\"article\" \/>\n<meta property=\"og:title\" content=\"NanoSTIX Gold - NanoSTIX\" \/>\n<meta property=\"og:description\" content=\"NanoSTIX Neo Porta e karikimit: USB versioni-C Garancia: 1 vit \u00c7do paket\u00eb p\u00ebrmban: 1x NanoSTIX Neo (V2) Gold Na kontaktoni\" \/>\n<meta property=\"og:url\" content=\"https:\/\/nanostix.al\/en\/product\/nanostix-gold\/\" \/>\n<meta property=\"og:site_name\" content=\"NanoSTIX\" \/>\n<meta property=\"article:modified_time\" content=\"2024-06-16T18:09:50+00:00\" \/>\n<meta property=\"og:image\" content=\"https:\/\/nanostix.al\/wp-content\/uploads\/2022\/10\/okG_tUY2.jpeg\" \/>\n\t<meta property=\"og:image:width\" content=\"512\" \/>\n\t<meta property=\"og:image:height\" content=\"512\" \/>\n\t<meta property=\"og:image:type\" content=\"image\/jpeg\" \/>\n<meta name=\"twitter:card\" content=\"summary_large_image\" \/>\n<meta name=\"twitter:label1\" content=\"Estimated reading time\" \/>\n\t<meta name=\"twitter:data1\" content=\"2 minutes\" \/>\n<script type=\"application\/ld+json\" class=\"yoast-schema-graph\">{\"@context\":\"https:\/\/schema.org\",\"@graph\":[{\"@type\":\"WebPage\",\"@id\":\"https:\/\/nanostix.al\/product\/nanostix-gold\/\",\"url\":\"https:\/\/nanostix.al\/product\/nanostix-gold\/\",\"name\":\"NanoSTIX Gold - NanoSTIX\",\"isPartOf\":{\"@id\":\"https:\/\/nanostix.al\/#website\"},\"datePublished\":\"2022-10-11T18:59:12+00:00\",\"dateModified\":\"2024-06-16T18:09:50+00:00\",\"breadcrumb\":{\"@id\":\"https:\/\/nanostix.al\/product\/nanostix-gold\/#breadcrumb\"},\"inLanguage\":\"en-GB\",\"potentialAction\":[{\"@type\":\"ReadAction\",\"target\":[\"https:\/\/nanostix.al\/product\/nanostix-gold\/\"]}]},{\"@type\":\"BreadcrumbList\",\"@id\":\"https:\/\/nanostix.al\/product\/nanostix-gold\/#breadcrumb\",\"itemListElement\":[{\"@type\":\"ListItem\",\"position\":1,\"name\":\"Home\",\"item\":\"https:\/\/nanostix.al\/\"},{\"@type\":\"ListItem\",\"position\":2,\"name\":\"Shop\",\"item\":\"https:\/\/nanostix.al\/shop\/\"},{\"@type\":\"ListItem\",\"position\":3,\"name\":\"NanoSTIX Gold\"}]},{\"@type\":\"WebSite\",\"@id\":\"https:\/\/nanostix.al\/#website\",\"url\":\"https:\/\/nanostix.al\/\",\"name\":\"NanoSTIX\",\"description\":\"DESIGNED FOR FUTURE\",\"publisher\":{\"@id\":\"https:\/\/nanostix.al\/#organization\"},\"potentialAction\":[{\"@type\":\"SearchAction\",\"target\":{\"@type\":\"EntryPoint\",\"urlTemplate\":\"https:\/\/nanostix.al\/?s={search_term_string}\"},\"query-input\":\"required name=search_term_string\"}],\"inLanguage\":\"en-GB\"},{\"@type\":\"Organization\",\"@id\":\"https:\/\/nanostix.al\/#organization\",\"name\":\"NanoSTIX\",\"url\":\"https:\/\/nanostix.al\/\",\"logo\":{\"@type\":\"ImageObject\",\"inLanguage\":\"en-GB\",\"@id\":\"https:\/\/nanostix.al\/#\/schema\/logo\/image\/\",\"url\":\"https:\/\/nanostix.al\/wp-content\/uploads\/2022\/10\/Artboard-1-7.png\",\"contentUrl\":\"https:\/\/nanostix.al\/wp-content\/uploads\/2022\/10\/Artboard-1-7.png\",\"width\":596,\"height\":309,\"caption\":\"NanoSTIX\"},\"image\":{\"@id\":\"https:\/\/nanostix.al\/#\/schema\/logo\/image\/\"},\"sameAs\":[\"https:\/\/www.instagram.com\/nanostix.albania\/\"]}]}<\/script>\n<!-- \/ Yoast SEO plugin. -->","yoast_head_json":{"title":"NanoSTIX Gold - NanoSTIX","robots":{"index":"index","follow":"follow","max-snippet":"max-snippet:-1","max-image-preview":"max-image-preview:large","max-video-preview":"max-video-preview:-1"},"canonical":"https:\/\/nanostix.al\/en\/product\/nanostix-gold\/","og_locale":"en_GB","og_type":"article","og_title":"NanoSTIX Gold - NanoSTIX","og_description":"NanoSTIX Neo Porta e karikimit: USB versioni-C Garancia: 1 vit \u00c7do paket\u00eb p\u00ebrmban: 1x NanoSTIX Neo (V2) Gold Na kontaktoni","og_url":"https:\/\/nanostix.al\/en\/product\/nanostix-gold\/","og_site_name":"NanoSTIX","article_modified_time":"2024-06-16T18:09:50+00:00","og_image":[{"width":512,"height":512,"url":"https:\/\/nanostix.al\/wp-content\/uploads\/2022\/10\/okG_tUY2.jpeg","type":"image\/jpeg"}],"twitter_card":"summary_large_image","twitter_misc":{"Estimated reading time":"2 minutes"},"schema":{"@context":"https:\/\/schema.org","@graph":[{"@type":"WebPage","@id":"https:\/\/nanostix.al\/product\/nanostix-gold\/","url":"https:\/\/nanostix.al\/product\/nanostix-gold\/","name":"NanoSTIX Gold - NanoSTIX","isPartOf":{"@id":"https:\/\/nanostix.al\/#website"},"datePublished":"2022-10-11T18:59:12+00:00","dateModified":"2024-06-16T18:09:50+00:00","breadcrumb":{"@id":"https:\/\/nanostix.al\/product\/nanostix-gold\/#breadcrumb"},"inLanguage":"en-GB","potentialAction":[{"@type":"ReadAction","target":["https:\/\/nanostix.al\/product\/nanostix-gold\/"]}]},{"@type":"BreadcrumbList","@id":"https:\/\/nanostix.al\/product\/nanostix-gold\/#breadcrumb","itemListElement":[{"@type":"ListItem","position":1,"name":"Home","item":"https:\/\/nanostix.al\/"},{"@type":"ListItem","position":2,"name":"Shop","item":"https:\/\/nanostix.al\/shop\/"},{"@type":"ListItem","position":3,"name":"NanoSTIX Gold"}]},{"@type":"WebSite","@id":"https:\/\/nanostix.al\/#website","url":"https:\/\/nanostix.al\/","name":"NanoSTIX","description":"DESIGNED FOR FUTURE","publisher":{"@id":"https:\/\/nanostix.al\/#organization"},"potentialAction":[{"@type":"SearchAction","target":{"@type":"EntryPoint","urlTemplate":"https:\/\/nanostix.al\/?s={search_term_string}"},"query-input":"required name=search_term_string"}],"inLanguage":"en-GB"},{"@type":"Organization","@id":"https:\/\/nanostix.al\/#organization","name":"NanoSTIX","url":"https:\/\/nanostix.al\/","logo":{"@type":"ImageObject","inLanguage":"en-GB","@id":"https:\/\/nanostix.al\/#\/schema\/logo\/image\/","url":"https:\/\/nanostix.al\/wp-content\/uploads\/2022\/10\/Artboard-1-7.png","contentUrl":"https:\/\/nanostix.al\/wp-content\/uploads\/2022\/10\/Artboard-1-7.png","width":596,"height":309,"caption":"NanoSTIX"},"image":{"@id":"https:\/\/nanostix.al\/#\/schema\/logo\/image\/"},"sameAs":["https:\/\/www.instagram.com\/nanostix.albania\/"]}]}},"_links":{"self":[{"href":"https:\/\/nanostix.al\/en\/wp-json\/wp\/v2\/product\/3592","targetHints":{"allow":["GET"]}}],"collection":[{"href":"https:\/\/nanostix.al\/en\/wp-json\/wp\/v2\/product"}],"about":[{"href":"https:\/\/nanostix.al\/en\/wp-json\/wp\/v2\/types\/product"}],"replies":[{"embeddable":true,"href":"https:\/\/nanostix.al\/en\/wp-json\/wp\/v2\/comments?post=3592"}],"wp:featuredmedia":[{"embeddable":true,"href":"https:\/\/nanostix.al\/en\/wp-json\/wp\/v2\/media\/3593"}],"wp:attachment":[{"href":"https:\/\/nanostix.al\/en\/wp-json\/wp\/v2\/media?parent=3592"}],"wp:term":[{"taxonomy":"product_cat","embeddable":true,"href":"https:\/\/nanostix.al\/en\/wp-json\/wp\/v2\/product_cat?post=3592"},{"taxonomy":"product_tag","embeddable":true,"href":"https:\/\/nanostix.al\/en\/wp-json\/wp\/v2\/product_tag?post=3592"}],"curies":[{"name":"wp","href":"https:\/\/api.w.org\/{rel}","templated":true}]}}