{"id":3837,"date":"2022-10-13T14:12:53","date_gmt":"2022-10-13T14:12:53","guid":{"rendered":"https:\/\/nanostix.al\/?post_type=product&#038;p=3837"},"modified":"2022-11-09T16:00:54","modified_gmt":"2022-11-09T16:00:54","slug":"nanopod-neo-velvet-strawberry-vanilla","status":"publish","type":"product","link":"https:\/\/nanostix.al\/en\/product\/nanopod-neo-velvet-strawberry-vanilla\/","title":{"rendered":"NanoPOD Neo Velvet Strawberry Vanilla"},"content":{"rendered":"<p>Brand: NanoSTIX Neo<br \/>\nCartridge capacity: 2mL<br \/>\nEach package contains: 4 Pieces of NanoPOD Neo (V2) with  strawberry vanilla.<\/p>","protected":false},"excerpt":{"rendered":"<p>Brand: NanoSTIX Neo<br \/>\nCartridge capacity: 2mL<br \/>\nEach package contains: 4 Pieces of NanoPOD Neo (V2) with  strawberry vanilla.<\/p>","protected":false},"featured_media":4951,"comment_status":"open","ping_status":"closed","template":"","meta":[],"product_cat":[247],"product_tag":[],"class_list":["post-3837","product","type-product","status-publish","has-post-thumbnail","hentry","product_cat-nanopod","pa_nanopod-light","pa_nanopod-regular"],"yoast_head":"<!-- This site is optimized with the Yoast SEO plugin v19.11 - https:\/\/yoast.com\/wordpress\/plugins\/seo\/ -->\n<title>NanoPOD Neo Velvet Strawberry Vanilla - NanoSTIX<\/title>\n<meta name=\"robots\" content=\"index, follow, max-snippet:-1, max-image-preview:large, max-video-preview:-1\" \/>\n<link rel=\"canonical\" href=\"https:\/\/nanostix.al\/en\/product\/nanopod-neo-velvet-strawberry-vanilla\/\" \/>\n<meta property=\"og:locale\" content=\"en_GB\" \/>\n<meta property=\"og:type\" content=\"article\" \/>\n<meta property=\"og:title\" content=\"NanoPOD Neo Velvet Strawberry Vanilla - NanoSTIX\" \/>\n<meta property=\"og:description\" content=\"Marka: NanoSTIX Neo Kapaciteti i fishekut: 2mL \u00c7do paket\u00eb p\u00ebrmban: 4 Cop\u00eb NanoPOD Neo (V2) me shije strawberry vanilla.\" \/>\n<meta property=\"og:url\" content=\"https:\/\/nanostix.al\/en\/product\/nanopod-neo-velvet-strawberry-vanilla\/\" \/>\n<meta property=\"og:site_name\" content=\"NanoSTIX\" \/>\n<meta property=\"article:modified_time\" content=\"2022-11-09T16:00:54+00:00\" \/>\n<meta property=\"og:image\" content=\"https:\/\/nanostix.al\/wp-content\/uploads\/2022\/10\/nanopod-velvet1.jpg\" \/>\n\t<meta property=\"og:image:width\" content=\"2014\" \/>\n\t<meta property=\"og:image:height\" content=\"2560\" \/>\n\t<meta property=\"og:image:type\" content=\"image\/jpeg\" \/>\n<meta name=\"twitter:card\" content=\"summary_large_image\" \/>\n<script type=\"application\/ld+json\" class=\"yoast-schema-graph\">{\"@context\":\"https:\/\/schema.org\",\"@graph\":[{\"@type\":\"WebPage\",\"@id\":\"https:\/\/nanostix.al\/product\/nanopod-neo-velvet-strawberry-vanilla\/\",\"url\":\"https:\/\/nanostix.al\/product\/nanopod-neo-velvet-strawberry-vanilla\/\",\"name\":\"NanoPOD Neo Velvet Strawberry Vanilla - NanoSTIX\",\"isPartOf\":{\"@id\":\"https:\/\/nanostix.al\/#website\"},\"datePublished\":\"2022-10-13T14:12:53+00:00\",\"dateModified\":\"2022-11-09T16:00:54+00:00\",\"breadcrumb\":{\"@id\":\"https:\/\/nanostix.al\/product\/nanopod-neo-velvet-strawberry-vanilla\/#breadcrumb\"},\"inLanguage\":\"en-GB\",\"potentialAction\":[{\"@type\":\"ReadAction\",\"target\":[\"https:\/\/nanostix.al\/product\/nanopod-neo-velvet-strawberry-vanilla\/\"]}]},{\"@type\":\"BreadcrumbList\",\"@id\":\"https:\/\/nanostix.al\/product\/nanopod-neo-velvet-strawberry-vanilla\/#breadcrumb\",\"itemListElement\":[{\"@type\":\"ListItem\",\"position\":1,\"name\":\"Home\",\"item\":\"https:\/\/nanostix.al\/\"},{\"@type\":\"ListItem\",\"position\":2,\"name\":\"Shop\",\"item\":\"https:\/\/nanostix.al\/shop\/\"},{\"@type\":\"ListItem\",\"position\":3,\"name\":\"NanoPOD Neo Velvet Strawberry Vanilla\"}]},{\"@type\":\"WebSite\",\"@id\":\"https:\/\/nanostix.al\/#website\",\"url\":\"https:\/\/nanostix.al\/\",\"name\":\"NanoSTIX\",\"description\":\"DESIGNED FOR FUTURE\",\"publisher\":{\"@id\":\"https:\/\/nanostix.al\/#organization\"},\"potentialAction\":[{\"@type\":\"SearchAction\",\"target\":{\"@type\":\"EntryPoint\",\"urlTemplate\":\"https:\/\/nanostix.al\/?s={search_term_string}\"},\"query-input\":\"required name=search_term_string\"}],\"inLanguage\":\"en-GB\"},{\"@type\":\"Organization\",\"@id\":\"https:\/\/nanostix.al\/#organization\",\"name\":\"NanoSTIX\",\"url\":\"https:\/\/nanostix.al\/\",\"logo\":{\"@type\":\"ImageObject\",\"inLanguage\":\"en-GB\",\"@id\":\"https:\/\/nanostix.al\/#\/schema\/logo\/image\/\",\"url\":\"https:\/\/nanostix.al\/wp-content\/uploads\/2022\/10\/Artboard-1-7.png\",\"contentUrl\":\"https:\/\/nanostix.al\/wp-content\/uploads\/2022\/10\/Artboard-1-7.png\",\"width\":596,\"height\":309,\"caption\":\"NanoSTIX\"},\"image\":{\"@id\":\"https:\/\/nanostix.al\/#\/schema\/logo\/image\/\"},\"sameAs\":[\"https:\/\/www.instagram.com\/nanostix.albania\/\"]}]}<\/script>\n<!-- \/ Yoast SEO plugin. -->","yoast_head_json":{"title":"NanoPOD Neo Velvet Strawberry Vanilla - NanoSTIX","robots":{"index":"index","follow":"follow","max-snippet":"max-snippet:-1","max-image-preview":"max-image-preview:large","max-video-preview":"max-video-preview:-1"},"canonical":"https:\/\/nanostix.al\/en\/product\/nanopod-neo-velvet-strawberry-vanilla\/","og_locale":"en_GB","og_type":"article","og_title":"NanoPOD Neo Velvet Strawberry Vanilla - NanoSTIX","og_description":"Marka: NanoSTIX Neo Kapaciteti i fishekut: 2mL \u00c7do paket\u00eb p\u00ebrmban: 4 Cop\u00eb NanoPOD Neo (V2) me shije strawberry vanilla.","og_url":"https:\/\/nanostix.al\/en\/product\/nanopod-neo-velvet-strawberry-vanilla\/","og_site_name":"NanoSTIX","article_modified_time":"2022-11-09T16:00:54+00:00","og_image":[{"width":2014,"height":2560,"url":"https:\/\/nanostix.al\/wp-content\/uploads\/2022\/10\/nanopod-velvet1.jpg","type":"image\/jpeg"}],"twitter_card":"summary_large_image","schema":{"@context":"https:\/\/schema.org","@graph":[{"@type":"WebPage","@id":"https:\/\/nanostix.al\/product\/nanopod-neo-velvet-strawberry-vanilla\/","url":"https:\/\/nanostix.al\/product\/nanopod-neo-velvet-strawberry-vanilla\/","name":"NanoPOD Neo Velvet Strawberry Vanilla - NanoSTIX","isPartOf":{"@id":"https:\/\/nanostix.al\/#website"},"datePublished":"2022-10-13T14:12:53+00:00","dateModified":"2022-11-09T16:00:54+00:00","breadcrumb":{"@id":"https:\/\/nanostix.al\/product\/nanopod-neo-velvet-strawberry-vanilla\/#breadcrumb"},"inLanguage":"en-GB","potentialAction":[{"@type":"ReadAction","target":["https:\/\/nanostix.al\/product\/nanopod-neo-velvet-strawberry-vanilla\/"]}]},{"@type":"BreadcrumbList","@id":"https:\/\/nanostix.al\/product\/nanopod-neo-velvet-strawberry-vanilla\/#breadcrumb","itemListElement":[{"@type":"ListItem","position":1,"name":"Home","item":"https:\/\/nanostix.al\/"},{"@type":"ListItem","position":2,"name":"Shop","item":"https:\/\/nanostix.al\/shop\/"},{"@type":"ListItem","position":3,"name":"NanoPOD Neo Velvet Strawberry Vanilla"}]},{"@type":"WebSite","@id":"https:\/\/nanostix.al\/#website","url":"https:\/\/nanostix.al\/","name":"NanoSTIX","description":"DESIGNED FOR FUTURE","publisher":{"@id":"https:\/\/nanostix.al\/#organization"},"potentialAction":[{"@type":"SearchAction","target":{"@type":"EntryPoint","urlTemplate":"https:\/\/nanostix.al\/?s={search_term_string}"},"query-input":"required name=search_term_string"}],"inLanguage":"en-GB"},{"@type":"Organization","@id":"https:\/\/nanostix.al\/#organization","name":"NanoSTIX","url":"https:\/\/nanostix.al\/","logo":{"@type":"ImageObject","inLanguage":"en-GB","@id":"https:\/\/nanostix.al\/#\/schema\/logo\/image\/","url":"https:\/\/nanostix.al\/wp-content\/uploads\/2022\/10\/Artboard-1-7.png","contentUrl":"https:\/\/nanostix.al\/wp-content\/uploads\/2022\/10\/Artboard-1-7.png","width":596,"height":309,"caption":"NanoSTIX"},"image":{"@id":"https:\/\/nanostix.al\/#\/schema\/logo\/image\/"},"sameAs":["https:\/\/www.instagram.com\/nanostix.albania\/"]}]}},"_links":{"self":[{"href":"https:\/\/nanostix.al\/en\/wp-json\/wp\/v2\/product\/3837","targetHints":{"allow":["GET"]}}],"collection":[{"href":"https:\/\/nanostix.al\/en\/wp-json\/wp\/v2\/product"}],"about":[{"href":"https:\/\/nanostix.al\/en\/wp-json\/wp\/v2\/types\/product"}],"replies":[{"embeddable":true,"href":"https:\/\/nanostix.al\/en\/wp-json\/wp\/v2\/comments?post=3837"}],"wp:featuredmedia":[{"embeddable":true,"href":"https:\/\/nanostix.al\/en\/wp-json\/wp\/v2\/media\/4951"}],"wp:attachment":[{"href":"https:\/\/nanostix.al\/en\/wp-json\/wp\/v2\/media?parent=3837"}],"wp:term":[{"taxonomy":"product_cat","embeddable":true,"href":"https:\/\/nanostix.al\/en\/wp-json\/wp\/v2\/product_cat?post=3837"},{"taxonomy":"product_tag","embeddable":true,"href":"https:\/\/nanostix.al\/en\/wp-json\/wp\/v2\/product_tag?post=3837"}],"curies":[{"name":"wp","href":"https:\/\/api.w.org\/{rel}","templated":true}]}}